{"id":866,"date":"2022-09-07T13:40:48","date_gmt":"2022-09-07T11:40:48","guid":{"rendered":"http:\/\/koschem.expromo.org\/?page_id=866"},"modified":"2022-09-14T15:27:07","modified_gmt":"2022-09-14T13:27:07","slug":"subventionen","status":"publish","type":"page","link":"https:\/\/koschem.pl\/de\/subventionen\/","title":{"rendered":"Subventionen"},"content":{"rendered":"[vc_row type=&#8220;full_width_content&#8220; full_screen_row_position=&#8220;middle&#8220; column_margin=&#8220;default&#8220; column_direction=&#8220;default&#8220; column_direction_tablet=&#8220;default&#8220; column_direction_phone=&#8220;default&#8220; bg_image=&#8220;431&#8243; bg_position=&#8220;center center&#8220; background_image_loading=&#8220;default&#8220; bg_repeat=&#8220;no-repeat&#8220; scene_position=&#8220;center&#8220; top_padding=&#8220;10%&#8220; bottom_padding=&#8220;5%&#8220; left_padding_desktop=&#8220;27%&#8220; constrain_group_2=&#8220;yes&#8220; right_padding_desktop=&#8220;27%&#8220; top_padding_tablet=&#8220;20%&#8220; bottom_padding_tablet=&#8220;10%&#8220; left_padding_tablet=&#8220;20%&#8220; constrain_group_4=&#8220;yes&#8220; right_padding_tablet=&#8220;20%&#8220; left_padding_phone=&#8220;6%&#8220; constrain_group_6=&#8220;yes&#8220; right_padding_phone=&#8220;6%&#8220; text_color=&#8220;dark&#8220; text_align=&#8220;left&#8220; row_border_radius=&#8220;none&#8220; row_border_radius_applies=&#8220;bg&#8220; overflow=&#8220;visible&#8220; advanced_gradient_angle=&#8220;0&#8243; overlay_strength=&#8220;0.3&#8243; gradient_direction=&#8220;left_to_right&#8220; shape_divider_position=&#8220;bottom&#8220; bg_image_animation=&#8220;none&#8220; parallax_bg=&#8220;true&#8220; parallax_bg_speed=&#8220;medium_fast&#8220; gradient_type=&#8220;default&#8220; shape_type=&#8220;&#8220;][vc_column column_padding=&#8220;no-extra-padding&#8220; column_padding_tablet=&#8220;inherit&#8220; column_padding_phone=&#8220;inherit&#8220; column_padding_position=&#8220;all&#8220; column_element_spacing=&#8220;0px&#8220; background_color_opacity=&#8220;1&#8243; background_hover_color_opacity=&#8220;1&#8243; column_shadow=&#8220;none&#8220; column_border_radius=&#8220;none&#8220; column_link_target=&#8220;_self&#8220; column_position=&#8220;default&#8220; advanced_gradient_angle=&#8220;0&#8243; gradient_direction=&#8220;left_to_right&#8220; overlay_strength=&#8220;0.3&#8243; width=&#8220;1\/1&#8243; tablet_width_inherit=&#8220;default&#8220; tablet_text_alignment=&#8220;default&#8220; phone_text_alignment=&#8220;default&#8220; animation_type=&#8220;default&#8220; bg_image_animation=&#8220;none&#8220; border_type=&#8220;simple&#8220; column_border_width=&#8220;none&#8220; column_border_style=&#8220;solid&#8220; gradient_type=&#8220;default&#8220;][vc_row_inner column_margin=&#8220;default&#8220; column_direction=&#8220;default&#8220; column_direction_tablet=&#8220;default&#8220; column_direction_phone=&#8220;default&#8220; text_align=&#8220;left&#8220; row_position=&#8220;default&#8220; row_position_tablet=&#8220;inherit&#8220; row_position_phone=&#8220;inherit&#8220; overflow=&#8220;visible&#8220; pointer_events=&#8220;all&#8220;][vc_column_inner column_padding=&#8220;padding-4-percent&#8220; column_padding_tablet=&#8220;inherit&#8220; column_padding_phone=&#8220;inherit&#8220; column_padding_position=&#8220;all&#8220; bottom_margin=&#8220;20&#8243; column_element_spacing=&#8220;0px&#8220; background_color=&#8220;#ffffff&#8220; background_color_opacity=&#8220;0.9&#8243; background_hover_color_opacity=&#8220;1&#8243; column_shadow=&#8220;medium_depth&#8220; column_border_radius=&#8220;none&#8220; column_link_target=&#8220;_self&#8220; advanced_gradient_angle=&#8220;0&#8243; gradient_direction=&#8220;left_to_right&#8220; overlay_strength=&#8220;0.3&#8243; width=&#8220;1\/1&#8243; tablet_width_inherit=&#8220;default&#8220; animation_type=&#8220;default&#8220; enable_animation=&#8220;true&#8220; animation=&#8220;fade-in-from-bottom&#8220; bg_image_animation=&#8220;none&#8220; border_type=&#8220;simple&#8220; column_border_width=&#8220;none&#8220; column_border_style=&#8220;solid&#8220; gradient_type=&#8220;default&#8220; animation_offset=&#8220;80%&#8220;][vc_column_text]\n<h5 style=\"text-align: center;\">ERHALTENE<\/h5>\n<h2 style=\"text-align: center;\"><span style=\"color: #0069b3;\">ZUSCH\u00dcSSE<\/span><\/h2>\n[\/vc_column_text][\/vc_column_inner][\/vc_row_inner][\/vc_column][\/vc_row][vc_row type=&#8220;in_container&#8220; full_screen_row_position=&#8220;middle&#8220; column_margin=&#8220;default&#8220; column_direction=&#8220;default&#8220; column_direction_tablet=&#8220;default&#8220; column_direction_phone=&#8220;default&#8220; scene_position=&#8220;center&#8220; top_padding=&#8220;50&#8243; bottom_padding=&#8220;50&#8243; text_color=&#8220;dark&#8220; text_align=&#8220;left&#8220; row_border_radius=&#8220;none&#8220; row_border_radius_applies=&#8220;bg&#8220; overflow=&#8220;visible&#8220; advanced_gradient_angle=&#8220;0&#8243; overlay_strength=&#8220;0.3&#8243; gradient_direction=&#8220;left_to_right&#8220; shape_divider_position=&#8220;bottom&#8220; bg_image_animation=&#8220;none&#8220; gradient_type=&#8220;default&#8220; shape_type=&#8220;&#8220;][vc_column column_padding=&#8220;padding-2-percent&#8220; column_padding_tablet=&#8220;inherit&#8220; column_padding_phone=&#8220;inherit&#8220; column_padding_position=&#8220;all&#8220; column_element_spacing=&#8220;default&#8220; background_color_opacity=&#8220;1&#8243; background_hover_color_opacity=&#8220;1&#8243; column_shadow=&#8220;none&#8220; column_border_radius=&#8220;none&#8220; column_link_target=&#8220;_self&#8220; column_position=&#8220;default&#8220; advanced_gradient_angle=&#8220;0&#8243; gradient_direction=&#8220;left_to_right&#8220; overlay_strength=&#8220;0.3&#8243; width=&#8220;1\/1&#8243; tablet_width_inherit=&#8220;default&#8220; tablet_text_alignment=&#8220;default&#8220; phone_text_alignment=&#8220;default&#8220; animation_type=&#8220;default&#8220; bg_image_animation=&#8220;none&#8220; border_type=&#8220;simple&#8220; column_border_width=&#8220;none&#8220; column_border_style=&#8220;solid&#8220; gradient_type=&#8220;default&#8220;][image_with_animation image_url=&#8220;422&#8243; image_size=&#8220;full&#8220; animation_type=&#8220;entrance&#8220; animation=&#8220;Fade In&#8220; hover_animation=&#8220;none&#8220; alignment=&#8220;&#8220; border_radius=&#8220;none&#8220; box_shadow=&#8220;none&#8220; image_loading=&#8220;default&#8220; max_width=&#8220;100%&#8220; max_width_mobile=&#8220;default&#8220;][divider line_type=&#8220;No Line&#8220;][tabbed_section style=&#8220;minimal_flexible&#8220; tab_color=&#8220;Accent-Color&#8220; vs_content_animation=&#8220;fade&#8220; vs_link_animation=&#8220;opacity&#8220; vs_navigation_alignment=&#8220;left&#8220; vs_navigation_width_2=&#8220;25%&#8220; vs_navigation_func=&#8220;default&#8220; vs_navigation_width=&#8220;regular&#8220; vs_navigation_spacing=&#8220;15px&#8220; vs_navigation_mobile_display=&#8220;visible&#8220; vs_tab_spacing=&#8220;5%&#8220; icon_size=&#8220;24&#8243;][tab icon_family=&#8220;none&#8220; title=&#8220;Koschem sp. z o.o.&#8220; id=&#8220;1662550520579-3&#8243; tab_id=&#8220;1662550520580-7&#8243;]<div class=\"nectar-fancy-ul\" data-list-icon=\"fa fa-star\" data-animation=\"false\" data-animation-delay=\"0\" data-color=\"accent-color\" data-spacing=\"default\" data-alignment=\"left\"> \n<h3><strong>PROJEKT NR. 1 MIT DEM TITEL:<\/strong><\/h3>\n<p><strong>&#8222;Die von der KOSCHEM Sp. z o.o. realisierte innovative Investition in Produktionslinien f\u00fcr die Herstellung von deutlich verbesserten Kunststoffprodukten in Stare W\u0119gorzynko\u201c <\/strong>wurde von der Europ\u00e4ischen Union aus dem Regionalen Operationellen Programm der Woiwodschaft Westpommern 2014-2020, Ma\u00dfnahme 1.5: Investitionen von Unternehmen, die die Entwicklung regionaler Spezialisierungen und intelligenter Spezialisierungen unterst\u00fctzen, kofinanziert.<\/p>\n<p><strong>ZIEL DES PROJEKTS:<\/strong><\/p>\n<p>Hauptziel des Projekts ist die Steigerung der Innovationsf\u00e4higkeit und der internationalen Wettbewerbsf\u00e4higkeit der Gesellschaft durch die Einf\u00fchrung von Produkt-, Prozess- und nichttechnologischen Innovationen auf dem Markt. Das Hauptziel kann durch die Umsetzung des spezifischen Ziels erreicht werden: Diversifizierung der Produktion des Werks durch die Einf\u00fchrung neuer und deutlich verbesserter Produkte &#8211; die Produktlinien \u201eBIOpolymer&#8220; und \u201eERG&#8220;.<\/p>\n<p><strong>EFFEKTE:<\/strong><\/p>\n<ul>\n<li>Einf\u00fchrung von Produkt-, Prozess- und nichttechnologischen Innovationen,<\/li>\n<li>Erh\u00f6hung der Einnahmen aus dem Verkauf von verbesserten Produkten<\/li>\n<li>eine Zunahme der Besch\u00e4ftigung um 2 neu geschaffene Arbeitspl\u00e4tze.<\/li>\n<\/ul>\n<p><strong>GESAMTWERT DES PROJEKTS:<\/strong>\u00a03 495 906,00 PLN<br \/>\n<strong>KOFINANZIERUNG DES PROJEKTS AUS EU-MITTELN: <\/strong>1 136 880,00 PLN<\/p>\n<h3><strong>PROJEKT NR. 2 MIT DEM TITEL:<\/strong><\/h3>\n<p style=\"text-align: justify;\"><strong>&#8222;FORTSCHRITTLICHE FERTIGUNGSTECHNOLOGIEN ALS SCHL\u00dcSSEL ZUR UMSETZUNG INNOVATIVER PRODUKTE IN DER FIRMA KOSCHEM SP. Z O.O.&#8220;<\/strong>wurde von der Europ\u00e4ischen Union aus dem Regionalen Operationellen Programm der Woiwodschaft 2014-2020, Ma\u00dfnahme 1.5: Investitionen von Unternehmen, die die Entwicklung regionaler Spezialisierungen und intelligenter Spezialisierungen unterst\u00fctzen, kofinanziert.<\/p>\n<p>Hauptziel des Projekts ist die Steigerung der Innovations- und Wettbewerbsf\u00e4higkeit der Gesellschaft auf internationaler Ebene durch die Einf\u00fchrung von Produkt-, Prozess- und nichttechnologischen Innovationen auf dem Markt.<\/p>\n<p>Die Erreichung des Hauptziels wird durch die Umsetzung folgender spezifischer Aufgaben m\u00f6glich sein: Diversifizierung der Produktion des Werks durch die Einf\u00fchrung neuer und erheblich verbesserter Produkte &#8211; der Produktlinien &#8222;BIOpolymer&#8220; und &#8222;ERG&#8220; &#8211; in das Angebot.<\/p>\n<p>Effekte:<\/p>\n<ul>\n<li>\u00a0Einf\u00fchrung einer Produktinnovation,<\/li>\n<li>\u00a0Einf\u00fchrung einer Prozessinnovation,<\/li>\n<li>\u00a0Einf\u00fchrung einer nichttechnologischen Innovation,<\/li>\n<li>\u00a0Zunahme der Zahl der Besch\u00e4ftigten im Unternehmen,<\/li>\n<li>\u00a0Umsatzerl\u00f6se.<\/li>\n<\/ul>\n<p><strong>GESAMTWERT DES PROJEKTS: <\/strong> 6 643 660,50 z\u0142<br \/>\n<strong>PROJEKTKOFINANZIERUNG AUS EU-MITTELN: <\/strong> 1 890 472,50 z\u0142 <\/div>[\/tab][tab icon_family=&#8220;none&#8220; title=&#8220;Koschem Ksel-Adamus sp. z o.o. sp. kom.&#8220; id=&#8220;1662550520598-6&#8243; tab_id=&#8220;1662550520599-4&#8243;][vc_column_text]<span class=\"JLqJ4b ChMk0b\" data-language-for-alternatives=\"de\" data-language-to-translate-into=\"en\" data-phrase-index=\"0\" data-number-of-phrases=\"13\"><span class=\"Q4iAWc\">Das Unternehmen f\u00fchrt ein Projekt mit dem Titel \u201eBau einer Photovoltaikanlage unter Verwendung erneuerbarer Energiequellen durch Koschem Ksel-Adamus Sp. J.\u201c durch.<\/span><\/span> <span class=\"JLqJ4b ChMk0b\" data-language-for-alternatives=\"de\" data-language-to-translate-into=\"en\" data-phrase-index=\"2\" data-number-of-phrases=\"13\"><span class=\"Q4iAWc\">Hauptziel des Projekts ist es, die Energieversorgung des Werks unabh\u00e4ngig von einer konventionellen Energiequelle zu machen.<\/span><\/span> <span class=\"JLqJ4b ChMk0b\" data-language-for-alternatives=\"de\" data-language-to-translate-into=\"en\" data-phrase-index=\"3\" data-number-of-phrases=\"13\"><span class=\"Q4iAWc\">Als Ergebnis der Projektdurchf\u00fchrung werden die folgenden Ergebnisindikatoren erreicht:<\/span><\/span><\/p>\n<ol>\n<li><span class=\"JLqJ4b ChMk0b\" data-language-for-alternatives=\"de\" data-language-to-translate-into=\"en\" data-phrase-index=\"5\" data-number-of-phrases=\"13\"><span class=\"Q4iAWc\">Stromerzeugung aus neu gebauten RES-Anlagen &#8211; 200,2 MWh \/ Jahr;<\/span><\/span><\/li>\n<li><span class=\"JLqJ4b ChMk0b\" data-language-for-alternatives=\"de\" data-language-to-translate-into=\"en\" data-phrase-index=\"7\" data-number-of-phrases=\"13\"><span class=\"Q4iAWc\">Gesch\u00e4tzter j\u00e4hrlicher R\u00fcckgang der Treibhausgasemissionen?<\/span><\/span> <span class=\"JLqJ4b ChMk0b\" data-language-for-alternatives=\"de\" data-language-to-translate-into=\"en\" data-phrase-index=\"8\" data-number-of-phrases=\"13\"><span class=\"Q4iAWc\">166,37 Tonnen CO2-\u00c4quivalent<\/span><\/span><\/li>\n<\/ol>\n<p><span class=\"JLqJ4b ChMk0b\" data-language-for-alternatives=\"de\" data-language-to-translate-into=\"en\" data-phrase-index=\"10\" data-number-of-phrases=\"13\"><span class=\"Q4iAWc\">Gesamtprojektwert: 1 158 048,69 PLN<br \/>\n<\/span><\/span><span class=\"JLqJ4b ChMk0b\" data-language-for-alternatives=\"de\" data-language-to-translate-into=\"en\" data-phrase-index=\"12\" data-number-of-phrases=\"13\"><span class=\"Q4iAWc\">Kofinanzierung des Projekts aus Mitteln der Europ\u00e4ischen Union: 800 277,55 PLN<\/span><\/span>[\/vc_column_text][\/tab][\/tabbed_section][\/vc_column][\/vc_row]\n","protected":false},"excerpt":{"rendered":"<p>[vc_row type=&#8220;full_width_content&#8220; full_screen_row_position=&#8220;middle&#8220; column_margin=&#8220;default&#8220; column_direction=&#8220;default&#8220; column_direction_tablet=&#8220;default&#8220; column_direction_phone=&#8220;default&#8220; bg_image=&#8220;431&#8243; bg_position=&#8220;center center&#8220; background_image_loading=&#8220;default&#8220; bg_repeat=&#8220;no-repeat&#8220; scene_position=&#8220;center&#8220; top_padding=&#8220;10%&#8220; bottom_padding=&#8220;5%&#8220; left_padding_desktop=&#8220;27%&#8220; constrain_group_2=&#8220;yes&#8220; right_padding_desktop=&#8220;27%&#8220; top_padding_tablet=&#8220;20%&#8220; bottom_padding_tablet=&#8220;10%&#8220; left_padding_tablet=&#8220;20%&#8220; constrain_group_4=&#8220;yes&#8220; right_padding_tablet=&#8220;20%&#8220; left_padding_phone=&#8220;6%&#8220; constrain_group_6=&#8220;yes&#8220; right_padding_phone=&#8220;6%&#8220; text_color=&#8220;dark&#8220; text_align=&#8220;left&#8220; row_border_radius=&#8220;none&#8220; row_border_radius_applies=&#8220;bg&#8220;&#8230;<\/p>\n","protected":false},"author":1,"featured_media":0,"parent":0,"menu_order":0,"comment_status":"closed","ping_status":"closed","template":"","meta":{"inline_featured_image":false,"footnotes":""},"class_list":["post-866","page","type-page","status-publish"],"yoast_head":"<!-- This site is optimized with the Yoast SEO plugin v23.0 - https:\/\/yoast.com\/wordpress\/plugins\/seo\/ -->\n<title>Koschem - Erhaltene Subventionen<\/title>\n<meta name=\"description\" content=\"Zusch\u00fcsse und Kofinanzierungen von der Europ\u00e4ischen Union und anderen \u00f6ffentlichen Mitteln\" \/>\n<meta name=\"robots\" content=\"index, follow, max-snippet:-1, max-image-preview:large, max-video-preview:-1\" \/>\n<link rel=\"canonical\" href=\"https:\/\/koschem.pl\/de\/subventionen\/\" \/>\n<meta property=\"og:locale\" content=\"de_DE\" \/>\n<meta property=\"og:type\" content=\"article\" \/>\n<meta property=\"og:title\" content=\"Koschem - Erhaltene Subventionen\" \/>\n<meta property=\"og:description\" content=\"Zusch\u00fcsse und Kofinanzierungen von der Europ\u00e4ischen Union und anderen \u00f6ffentlichen Mitteln\" \/>\n<meta property=\"og:url\" content=\"https:\/\/koschem.pl\/de\/subventionen\/\" \/>\n<meta property=\"og:site_name\" content=\"Koschem\" \/>\n<meta property=\"article:modified_time\" content=\"2022-09-14T13:27:07+00:00\" \/>\n<meta name=\"twitter:card\" content=\"summary_large_image\" \/>\n<meta name=\"twitter:label1\" content=\"Gesch\u00e4tzte Lesezeit\" \/>\n\t<meta name=\"twitter:data1\" content=\"4\u00a0Minuten\" \/>\n<script type=\"application\/ld+json\" class=\"yoast-schema-graph\">{\"@context\":\"https:\/\/schema.org\",\"@graph\":[{\"@type\":\"WebPage\",\"@id\":\"https:\/\/koschem.pl\/de\/subventionen\/\",\"url\":\"https:\/\/koschem.pl\/de\/subventionen\/\",\"name\":\"Koschem - Erhaltene Subventionen\",\"isPartOf\":{\"@id\":\"https:\/\/koschem.pl\/#website\"},\"datePublished\":\"2022-09-07T11:40:48+00:00\",\"dateModified\":\"2022-09-14T13:27:07+00:00\",\"description\":\"Zusch\u00fcsse und Kofinanzierungen von der Europ\u00e4ischen Union und anderen \u00f6ffentlichen Mitteln\",\"breadcrumb\":{\"@id\":\"https:\/\/koschem.pl\/de\/subventionen\/#breadcrumb\"},\"inLanguage\":\"de\",\"potentialAction\":[{\"@type\":\"ReadAction\",\"target\":[\"https:\/\/koschem.pl\/de\/subventionen\/\"]}]},{\"@type\":\"BreadcrumbList\",\"@id\":\"https:\/\/koschem.pl\/de\/subventionen\/#breadcrumb\",\"itemListElement\":[{\"@type\":\"ListItem\",\"position\":1,\"name\":\"Strona g\u0142\u00f3wna\",\"item\":\"https:\/\/koschem.pl\/de\/\"},{\"@type\":\"ListItem\",\"position\":2,\"name\":\"Subventionen\"}]},{\"@type\":\"WebSite\",\"@id\":\"https:\/\/koschem.pl\/#website\",\"url\":\"https:\/\/koschem.pl\/\",\"name\":\"Koschem\",\"description\":\"Innowacyjny i ekologiczny producent tworzyw sztucznych\",\"potentialAction\":[{\"@type\":\"SearchAction\",\"target\":{\"@type\":\"EntryPoint\",\"urlTemplate\":\"https:\/\/koschem.pl\/?s={search_term_string}\"},\"query-input\":\"required name=search_term_string\"}],\"inLanguage\":\"de\"}]}<\/script>\n<!-- \/ Yoast SEO plugin. -->","yoast_head_json":{"title":"Koschem - Erhaltene Subventionen","description":"Zusch\u00fcsse und Kofinanzierungen von der Europ\u00e4ischen Union und anderen \u00f6ffentlichen Mitteln","robots":{"index":"index","follow":"follow","max-snippet":"max-snippet:-1","max-image-preview":"max-image-preview:large","max-video-preview":"max-video-preview:-1"},"canonical":"https:\/\/koschem.pl\/de\/subventionen\/","og_locale":"de_DE","og_type":"article","og_title":"Koschem - Erhaltene Subventionen","og_description":"Zusch\u00fcsse und Kofinanzierungen von der Europ\u00e4ischen Union und anderen \u00f6ffentlichen Mitteln","og_url":"https:\/\/koschem.pl\/de\/subventionen\/","og_site_name":"Koschem","article_modified_time":"2022-09-14T13:27:07+00:00","twitter_card":"summary_large_image","twitter_misc":{"Gesch\u00e4tzte Lesezeit":"4\u00a0Minuten"},"schema":{"@context":"https:\/\/schema.org","@graph":[{"@type":"WebPage","@id":"https:\/\/koschem.pl\/de\/subventionen\/","url":"https:\/\/koschem.pl\/de\/subventionen\/","name":"Koschem - Erhaltene Subventionen","isPartOf":{"@id":"https:\/\/koschem.pl\/#website"},"datePublished":"2022-09-07T11:40:48+00:00","dateModified":"2022-09-14T13:27:07+00:00","description":"Zusch\u00fcsse und Kofinanzierungen von der Europ\u00e4ischen Union und anderen \u00f6ffentlichen Mitteln","breadcrumb":{"@id":"https:\/\/koschem.pl\/de\/subventionen\/#breadcrumb"},"inLanguage":"de","potentialAction":[{"@type":"ReadAction","target":["https:\/\/koschem.pl\/de\/subventionen\/"]}]},{"@type":"BreadcrumbList","@id":"https:\/\/koschem.pl\/de\/subventionen\/#breadcrumb","itemListElement":[{"@type":"ListItem","position":1,"name":"Strona g\u0142\u00f3wna","item":"https:\/\/koschem.pl\/de\/"},{"@type":"ListItem","position":2,"name":"Subventionen"}]},{"@type":"WebSite","@id":"https:\/\/koschem.pl\/#website","url":"https:\/\/koschem.pl\/","name":"Koschem","description":"Innowacyjny i ekologiczny producent tworzyw sztucznych","potentialAction":[{"@type":"SearchAction","target":{"@type":"EntryPoint","urlTemplate":"https:\/\/koschem.pl\/?s={search_term_string}"},"query-input":"required name=search_term_string"}],"inLanguage":"de"}]}},"_links":{"self":[{"href":"https:\/\/koschem.pl\/de\/wp-json\/wp\/v2\/pages\/866","targetHints":{"allow":["GET"]}}],"collection":[{"href":"https:\/\/koschem.pl\/de\/wp-json\/wp\/v2\/pages"}],"about":[{"href":"https:\/\/koschem.pl\/de\/wp-json\/wp\/v2\/types\/page"}],"author":[{"embeddable":true,"href":"https:\/\/koschem.pl\/de\/wp-json\/wp\/v2\/users\/1"}],"replies":[{"embeddable":true,"href":"https:\/\/koschem.pl\/de\/wp-json\/wp\/v2\/comments?post=866"}],"version-history":[{"count":4,"href":"https:\/\/koschem.pl\/de\/wp-json\/wp\/v2\/pages\/866\/revisions"}],"predecessor-version":[{"id":876,"href":"https:\/\/koschem.pl\/de\/wp-json\/wp\/v2\/pages\/866\/revisions\/876"}],"wp:attachment":[{"href":"https:\/\/koschem.pl\/de\/wp-json\/wp\/v2\/media?parent=866"}],"curies":[{"name":"wp","href":"https:\/\/api.w.org\/{rel}","templated":true}]}}